{"id":3555,"date":"2025-11-07T12:44:14","date_gmt":"2025-11-07T11:44:14","guid":{"rendered":"https:\/\/coteplan.com\/?page_id=3555"},"modified":"2026-03-09T12:37:19","modified_gmt":"2026-03-09T11:37:19","slug":"mentions-legales","status":"publish","type":"page","link":"https:\/\/coteplan.com\/?page_id=3555","title":{"rendered":"Mentions l\u00e9gales"},"content":{"rendered":"\t\t<div data-elementor-type=\"wp-page\" data-elementor-id=\"3555\" class=\"elementor elementor-3555\">\n\t\t\t\t<div class=\"elementor-element elementor-element-001320e e-flex e-con-boxed e-con e-parent\" data-id=\"001320e\" data-element_type=\"container\" data-e-type=\"container\">\n\t\t\t\t\t<div class=\"e-con-inner\">\n\t\t\t\t<div class=\"elementor-element elementor-element-99efe12 elementor-widget elementor-widget-heading\" data-id=\"99efe12\" data-element_type=\"widget\" data-e-type=\"widget\" data-widget_type=\"heading.default\">\n\t\t\t\t<div class=\"elementor-widget-container\">\n\t\t\t\t\t<h2 class=\"elementor-heading-title elementor-size-default\">Mentions l\u00e9gales<\/h2>\t\t\t\t<\/div>\n\t\t\t\t<\/div>\n\t\t\t\t\t<\/div>\n\t\t\t\t<\/div>\n\t\t\t\t<section class=\"elementor-section elementor-top-section elementor-element elementor-element-2e16d0e elementor-section-boxed elementor-section-height-default elementor-section-height-default\" data-id=\"2e16d0e\" data-element_type=\"section\" data-e-type=\"section\">\n\t\t\t\t\t\t<div class=\"elementor-container elementor-column-gap-default\">\n\t\t\t\t\t<div class=\"elementor-column elementor-col-100 elementor-top-column elementor-element elementor-element-bb57f78\" data-id=\"bb57f78\" data-element_type=\"column\" data-e-type=\"column\">\n\t\t\t<div class=\"elementor-widget-wrap elementor-element-populated\">\n\t\t\t\t\t\t<div class=\"elementor-element elementor-element-04b5443 elementor-widget elementor-widget-text-editor\" data-id=\"04b5443\" data-element_type=\"widget\" data-e-type=\"widget\" data-widget_type=\"text-editor.default\">\n\t\t\t\t<div class=\"elementor-widget-container\">\n\t\t\t\t\t\t\t\t\t<h4>1. \u00c9diteur du site<\/h4><p>Le pr\u00e9sent site est \u00e9dit\u00e9 par :<br \/>ZENKAWEB<br \/>Entreprise sp\u00e9cialis\u00e9e dans la conception de sites internet.<\/p><p>Forme juridique : Entrepreneur individuel<br \/>Si\u00e8ge social : 136 ROUTE DE GENEVE, 69140 RILLIEUX-LA-PAPE<br \/>T\u00e9l\u00e9phone : 06 95 54 97 86<br \/>E-mail : hello.zenkaweb@gmail.com<br \/>SIRET : 94451859600019<br \/>RCS \/ RM : Lyon<br \/>Directeur de la publication : ABDULLAHU DIANA<\/p><h4>2. H\u00e9bergeur du site<\/h4><p>Le site www.coteplan.fr est h\u00e9berg\u00e9 par :<br \/>OVH SAS \u2014 2 rue Kellermann, 59100 Roubaix, France \u2014 www.ovh.com<\/p><h4>3. Propri\u00e9t\u00e9 intellectuelle<\/h4><p>L\u2019ensemble du contenu pr\u00e9sent sur le site (textes, images, logos, graphismes, vid\u00e9os, ic\u00f4nes, etc.) est la propri\u00e9t\u00e9 exclusive de C\u00f4t\u00e9Plan, sauf mention contraire.<br \/>Toute reproduction, repr\u00e9sentation, modification ou adaptation, totale ou partielle, du contenu est strictement interdite sans l\u2019autorisation \u00e9crite pr\u00e9alable de C\u00f4t\u00e9Plan.<\/p><h4>4. Donn\u00e9es personnelles (RGPD)<\/h4><p>Les informations recueillies via le site (formulaires de contact, demande de devis, etc.) sont enregistr\u00e9es par C\u00f4t\u00e9Plan pour la gestion des demandes et relations commerciales.<br \/>Ces donn\u00e9es ne sont ni revendues ni communiqu\u00e9es \u00e0 des tiers sans votre consentement.<\/p><p>Conform\u00e9ment \u00e0 la loi \u00ab\u00a0Informatique et Libert\u00e9s\u00a0\u00bb et au RGPD, vous disposez d\u2019un droit d\u2019acc\u00e8s, de rectification, de suppression et d\u2019opposition sur vos donn\u00e9es personnelles.<br \/>Pour exercer ce droit, vous pouvez \u00e9crire \u00e0 :<br \/><img decoding=\"async\" class=\"emoji\" role=\"img\" draggable=\"false\" src=\"https:\/\/s.w.org\/images\/core\/emoji\/17.0.2\/svg\/1f4e7.svg\" alt=\"\ud83d\udce7\" \/>\u00a0infos.coteplan@gmail.com<br \/><img decoding=\"async\" class=\"emoji\" role=\"img\" draggable=\"false\" src=\"https:\/\/s.w.org\/images\/core\/emoji\/17.0.2\/svg\/1f4ee.svg\" alt=\"\ud83d\udcee\" \/> ou par courrier \u00e0 l\u2019adresse du si\u00e8ge social indiqu\u00e9e ci-dessus.<\/p><h4>5. Cookies<\/h4><p>Le site www.coteplan.fr\u00a0 n&rsquo;utilise pas des cookies destin\u00e9s \u00e0 am\u00e9liorer l\u2019exp\u00e9rience utilisateur, mesurer l\u2019audience ou proposer des contenus adapt\u00e9s.<br \/><br \/><\/p><h4>6. Responsabilit\u00e9<\/h4><p>C\u00f4t\u00e9Plan s\u2019efforce d\u2019assurer au mieux l\u2019exactitude et la mise \u00e0 jour des informations diffus\u00e9es sur le site, mais ne peut garantir leur exactitude, leur exhaustivit\u00e9 ni leur actualit\u00e9.<br \/>L\u2019entreprise d\u00e9cline toute responsabilit\u00e9 en cas d\u2019erreurs, d\u2019interruptions, ou d\u2019indisponibilit\u00e9 du site.<\/p><h4>7. Droit applicable<\/h4><p>Les pr\u00e9sentes mentions l\u00e9gales sont r\u00e9gies par le droit fran\u00e7ais.<br \/>En cas de litige, les tribunaux comp\u00e9tents seront ceux du ressort du si\u00e8ge social de C\u00f4t\u00e9Plan.<\/p>\t\t\t\t\t\t\t\t<\/div>\n\t\t\t\t<\/div>\n\t\t\t\t\t<\/div>\n\t\t<\/div>\n\t\t\t\t\t<\/div>\n\t\t<\/section>\n\t\t\t\t<\/div>\n\t\t","protected":false},"excerpt":{"rendered":"<p>Mentions l\u00e9gales 1. \u00c9diteur du site Le pr\u00e9sent site est \u00e9dit\u00e9 par :ZENKAWEBEntreprise sp\u00e9cialis\u00e9e dans la conception de sites internet. Forme juridique : Entrepreneur individuelSi\u00e8ge social : 136 ROUTE DE GENEVE, 69140 RILLIEUX-LA-PAPET\u00e9l\u00e9phone : 06 95 54 97 86E-mail : hello.zenkaweb@gmail.comSIRET : 94451859600019RCS \/ RM : LyonDirecteur de la publication : ABDULLAHU DIANA 2. H\u00e9bergeur [&hellip;]<\/p>\n","protected":false},"author":1,"featured_media":0,"parent":0,"menu_order":0,"comment_status":"closed","ping_status":"closed","template":"elementor_header_footer","meta":{"site-sidebar-layout":"default","site-content-layout":"","ast-site-content-layout":"default","site-content-style":"default","site-sidebar-style":"default","ast-global-header-display":"","ast-banner-title-visibility":"","ast-main-header-display":"","ast-hfb-above-header-display":"","ast-hfb-below-header-display":"","ast-hfb-mobile-header-display":"","site-post-title":"","ast-breadcrumbs-content":"","ast-featured-img":"","footer-sml-layout":"","ast-disable-related-posts":"","theme-transparent-header-meta":"","adv-header-id-meta":"","stick-header-meta":"","header-above-stick-meta":"","header-main-stick-meta":"","header-below-stick-meta":"","astra-migrate-meta-layouts":"set","ast-page-background-enabled":"default","ast-page-background-meta":{"desktop":{"background-color":"","background-image":"","background-repeat":"repeat","background-position":"center center","background-size":"auto","background-attachment":"scroll","background-type":"","background-media":"","overlay-type":"","overlay-color":"","overlay-opacity":"","overlay-gradient":""},"tablet":{"background-color":"","background-image":"","background-repeat":"repeat","background-position":"center center","background-size":"auto","background-attachment":"scroll","background-type":"","background-media":"","overlay-type":"","overlay-color":"","overlay-opacity":"","overlay-gradient":""},"mobile":{"background-color":"","background-image":"","background-repeat":"repeat","background-position":"center center","background-size":"auto","background-attachment":"scroll","background-type":"","background-media":"","overlay-type":"","overlay-color":"","overlay-opacity":"","overlay-gradient":""}},"ast-content-background-meta":{"desktop":{"background-color":"var(--ast-global-color-5)","background-image":"","background-repeat":"repeat","background-position":"center center","background-size":"auto","background-attachment":"scroll","background-type":"","background-media":"","overlay-type":"","overlay-color":"","overlay-opacity":"","overlay-gradient":""},"tablet":{"background-color":"var(--ast-global-color-5)","background-image":"","background-repeat":"repeat","background-position":"center center","background-size":"auto","background-attachment":"scroll","background-type":"","background-media":"","overlay-type":"","overlay-color":"","overlay-opacity":"","overlay-gradient":""},"mobile":{"background-color":"var(--ast-global-color-5)","background-image":"","background-repeat":"repeat","background-position":"center center","background-size":"auto","background-attachment":"scroll","background-type":"","background-media":"","overlay-type":"","overlay-color":"","overlay-opacity":"","overlay-gradient":""}},"footnotes":""},"class_list":["post-3555","page","type-page","status-publish","hentry"],"_links":{"self":[{"href":"https:\/\/coteplan.com\/index.php?rest_route=\/wp\/v2\/pages\/3555","targetHints":{"allow":["GET"]}}],"collection":[{"href":"https:\/\/coteplan.com\/index.php?rest_route=\/wp\/v2\/pages"}],"about":[{"href":"https:\/\/coteplan.com\/index.php?rest_route=\/wp\/v2\/types\/page"}],"author":[{"embeddable":true,"href":"https:\/\/coteplan.com\/index.php?rest_route=\/wp\/v2\/users\/1"}],"replies":[{"embeddable":true,"href":"https:\/\/coteplan.com\/index.php?rest_route=%2Fwp%2Fv2%2Fcomments&post=3555"}],"version-history":[{"count":17,"href":"https:\/\/coteplan.com\/index.php?rest_route=\/wp\/v2\/pages\/3555\/revisions"}],"predecessor-version":[{"id":5325,"href":"https:\/\/coteplan.com\/index.php?rest_route=\/wp\/v2\/pages\/3555\/revisions\/5325"}],"wp:attachment":[{"href":"https:\/\/coteplan.com\/index.php?rest_route=%2Fwp%2Fv2%2Fmedia&parent=3555"}],"curies":[{"name":"wp","href":"https:\/\/api.w.org\/{rel}","templated":true}]}}